{"id":1311,"date":"2025-01-01T17:49:51","date_gmt":"2025-01-01T16:49:51","guid":{"rendered":"https:\/\/padel-experience.fr\/?post_type=product&#038;p=1311"},"modified":"2025-04-11T18:42:48","modified_gmt":"2025-04-11T16:42:48","slug":"mai","status":"publish","type":"product","link":"https:\/\/padel-experience.fr\/?product=mai","title":{"rendered":"\ud83c\uddf2\ud83c\udde6 Marrakech Du 13 au 16 Mai 2025"},"content":{"rendered":"<h3 class=\"\" data-start=\"319\" data-end=\"347\">\u2705 Inclus dans le stage :<\/h3>\n<ul data-start=\"348\" data-end=\"704\">\n<li class=\"\" data-start=\"348\" data-end=\"379\">\n<p class=\"\" data-start=\"350\" data-end=\"379\">Navette a\u00e9roport aller-retour<\/p>\n<\/li>\n<li class=\"\" data-start=\"380\" data-end=\"433\">\n<p class=\"\" data-start=\"382\" data-end=\"433\">\ud83d\udecf\ufe0f H\u00e9bergement 4 jours \/ 3 nuits en h\u00f4tel tout confort en chambre double (option chambre individuelle disponible lors de la r\u00e9servation)<\/p>\n<\/li>\n<li class=\"\" data-start=\"434\" data-end=\"506\">\n<p class=\"\" data-start=\"436\" data-end=\"506\">2 sessions de <strong data-start=\"450\" data-end=\"476\">1h30 de cours de padel<\/strong> encadr\u00e9s par un coach dipl\u00f4m\u00e9<\/p>\n<\/li>\n<li class=\"\" data-start=\"507\" data-end=\"550\">\n<p class=\"\" data-start=\"509\" data-end=\"550\">2 sessions de <strong data-start=\"523\" data-end=\"550\">1h30 de matchs<\/strong><\/p>\n<\/li>\n<li class=\"\" data-start=\"551\" data-end=\"623\">\n<p class=\"\" data-start=\"553\" data-end=\"623\">Activit\u00e9 exclusive : <strong data-start=\"574\" data-end=\"608\">soir\u00e9e dans le d\u00e9sert d\u2019Agafay<\/strong> (repas inclus)<\/p>\n<\/li>\n<li class=\"\" data-start=\"624\" data-end=\"645\">\n<p class=\"\" data-start=\"626\" data-end=\"645\">Petits-d\u00e9jeuners x3<\/p>\n<\/li>\n<li class=\"\" data-start=\"646\" data-end=\"662\">\n<p class=\"\" data-start=\"648\" data-end=\"662\">D\u00e9jeuners x3<\/p>\n<\/li>\n<li class=\"\" data-start=\"663\" data-end=\"704\">\n<p class=\"\" data-start=\"665\" data-end=\"704\">Accompagnement et ambiance conviviale !<\/p>\n<p class=\"\" data-start=\"706\" data-end=\"784\">\ud83c\udfab <em data-start=\"709\" data-end=\"784\">Vols non inclus \u2013 Nous pouvons vous aider \u00e0 r\u00e9server votre vol si besoin<\/em><\/p>\n<\/li>\n<\/ul>\n<h3 class=\"\" data-start=\"791\" data-end=\"817\">\ud83d\uddd3\ufe0f Programme d\u00e9taill\u00e9<\/h3>\n<p class=\"\" data-start=\"819\" data-end=\"852\"><strong data-start=\"819\" data-end=\"852\">\ud83d\udeec Jour 1 \u2013 Arriv\u00e9e &amp; d\u00e9tente<\/strong><\/p>\n<ul data-start=\"853\" data-end=\"1012\">\n<li class=\"\" data-start=\"853\" data-end=\"897\">\n<p class=\"\" data-start=\"855\" data-end=\"897\">Accueil \u00e0 l\u2019a\u00e9roport + transfert \u00e0 l\u2019h\u00f4tel<\/p>\n<\/li>\n<li class=\"\" data-start=\"898\" data-end=\"926\">\n<p class=\"\" data-start=\"900\" data-end=\"926\">Installation &amp; temps libre<\/p>\n<\/li>\n<li class=\"\" data-start=\"898\" data-end=\"926\">\n<p class=\"\" data-start=\"900\" data-end=\"926\">En fin de journ\u00e9e : <strong data-start=\"787\" data-end=\"824\">excursion dans le d\u00e9sert d\u2019Agafay<\/strong> avec d\u00eener inclus dans un cadre magique<\/p>\n<\/li>\n<\/ul>\n<p class=\"\" data-start=\"1014\" data-end=\"1044\"><strong data-start=\"1014\" data-end=\"1044\">\ud83c\udfbe Jour 2 \u2013 Technique &amp; comp\u00e9tition<br \/>\n<\/strong><\/p>\n<ul data-start=\"1045\" data-end=\"1233\">\n<li class=\"\" style=\"list-style-type: none;\" data-start=\"1045\" data-end=\"1071\">\n<ul data-start=\"934\" data-end=\"1121\">\n<li class=\"\" data-start=\"934\" data-end=\"978\">\n<p class=\"\" data-start=\"936\" data-end=\"978\">Petit-d\u00e9jeuner au <strong data-start=\"954\" data-end=\"976\">restaurant du club<\/strong><\/p>\n<\/li>\n<li class=\"\" data-start=\"979\" data-end=\"1014\">\n<p class=\"\" data-start=\"981\" data-end=\"1014\">S\u00e9ance de padel (1h30 de cours)<\/p>\n<\/li>\n<li class=\"\" data-start=\"1015\" data-end=\"1060\">\n<p class=\"\" data-start=\"1017\" data-end=\"1060\">D\u00e9jeuner inclus au <strong data-start=\"1036\" data-end=\"1058\">restaurant du club<\/strong><\/p>\n<\/li>\n<li>Temps libre l\u2019apr\u00e8s-midi (repos, exploration ou d\u00e9tente \u00e0 la piscine)<\/li>\n<li class=\"\" data-start=\"1061\" data-end=\"1106\">\n<p class=\"\" data-start=\"1063\" data-end=\"1106\">Matchs de padel en d\u00e9but de soir\u00e9e (1h30)<\/p>\n<\/li>\n<li class=\"\" data-start=\"1107\" data-end=\"1121\">\n<p class=\"\" data-start=\"1109\" data-end=\"1121\">Soir\u00e9e libre<\/p>\n<\/li>\n<\/ul>\n<\/li>\n<li class=\"\" style=\"list-style-type: none;\" data-start=\"1045\" data-end=\"1071\"><strong data-start=\"1123\" data-end=\"1165\">Jour 3 \u2013 Progression &amp; esprit d\u2019\u00e9quipe<\/strong>\n<ul data-start=\"1168\" data-end=\"1412\">\n<li class=\"\" data-start=\"1168\" data-end=\"1212\">\n<p class=\"\" data-start=\"1170\" data-end=\"1212\">Petit-d\u00e9jeuner au <strong data-start=\"1188\" data-end=\"1210\">restaurant du club<\/strong><\/p>\n<\/li>\n<li class=\"\" data-start=\"1213\" data-end=\"1248\">\n<p class=\"\" data-start=\"1215\" data-end=\"1248\">S\u00e9ance de padel (1h30 de cours)<\/p>\n<\/li>\n<li class=\"\" data-start=\"1249\" data-end=\"1294\">\n<p class=\"\" data-start=\"1251\" data-end=\"1294\">D\u00e9jeuner inclus au <strong data-start=\"1270\" data-end=\"1292\">restaurant du club<\/strong><\/p>\n<\/li>\n<li class=\"\" data-start=\"1295\" data-end=\"1337\">\n<p class=\"\" data-start=\"1297\" data-end=\"1337\">Apr\u00e8s-midi d\u00e9tente ou activit\u00e9s libres<\/p>\n<\/li>\n<li class=\"\" data-start=\"1338\" data-end=\"1376\">\n<p class=\"\" data-start=\"1340\" data-end=\"1376\">Matchs de padel en d\u00e9but de soir\u00e9e<\/p>\n<\/li>\n<li class=\"\" data-start=\"1377\" data-end=\"1412\">\n<p class=\"\" data-start=\"1379\" data-end=\"1412\">Derni\u00e8re soir\u00e9e libre \u00e0 Marrakech<\/p>\n<p class=\"\" data-start=\"1414\" data-end=\"1435\"><strong data-start=\"1414\" data-end=\"1433\">Jour 4 \u2013 D\u00e9part<\/strong><\/p>\n<ul data-start=\"1436\" data-end=\"1537\">\n<li class=\"\" data-start=\"1436\" data-end=\"1480\">\n<p class=\"\" data-start=\"1438\" data-end=\"1480\">Petit-d\u00e9jeuner au <strong data-start=\"1456\" data-end=\"1478\">restaurant du club<\/strong><\/p>\n<\/li>\n<li class=\"\" data-start=\"1481\" data-end=\"1537\">\n<p class=\"\" data-start=\"1483\" data-end=\"1537\">Transfert retour vers l\u2019a\u00e9roport selon horaires de vol<\/p>\n<\/li>\n<\/ul>\n<\/li>\n<\/ul>\n<p class=\"\" data-start=\"1414\" data-end=\"1435\">\n<\/li>\n<\/ul>\n","protected":false},"excerpt":{"rendered":"<h3 class=\"\" data-start=\"147\" data-end=\"192\">\ud83c\uddf2\ud83c\udde6 Un s\u00e9jour 100 % padel et d\u00e9tente sous le soleil de Marrakech. D\u00e9couvrez le programme de votre prochaine escapade Padel Exp\u00e9rience.<\/h3>\n<p class=\"\" data-start=\"193\" data-end=\"312\"><strong data-start=\"193\" data-end=\"225\">Date : du 13 au 16 Mai 2025<\/strong><br data-start=\"225\" data-end=\"228\" \/><strong data-start=\"228\" data-end=\"260\">\u00c0 partir de 380 \u20ac (hors vol)<\/strong><br data-start=\"260\" data-end=\"263\" \/><strong>Dur\u00e9e : 4 jours \/ 3 nuits<\/strong><br data-start=\"288\" data-end=\"291\" \/><strong>Niveau : Tous niveaux<\/strong><\/p>\n","protected":false},"featured_media":1312,"comment_status":"open","ping_status":"closed","template":"","meta":{"_kadence_starter_templates_imported_post":false,"_kad_post_transparent":"default","_kad_post_title":"","_kad_post_layout":"default","_kad_post_sidebar_id":"","_kad_post_content_style":"default","_kad_post_vertical_padding":"default","_kad_post_feature":"","_kad_post_feature_position":"","_kad_post_header":false,"_kad_post_footer":false},"product_brand":[],"product_cat":[31],"product_tag":[],"class_list":{"0":"post-1311","1":"product","2":"type-product","3":"status-publish","4":"has-post-thumbnail","6":"product_cat-stages","8":"first","9":"instock","10":"virtual","11":"purchasable","12":"product-type-simple","13":"entry","14":"content-bg","15":"loop-entry"},"_links":{"self":[{"href":"https:\/\/padel-experience.fr\/index.php?rest_route=\/wp\/v2\/product\/1311","targetHints":{"allow":["GET"]}}],"collection":[{"href":"https:\/\/padel-experience.fr\/index.php?rest_route=\/wp\/v2\/product"}],"about":[{"href":"https:\/\/padel-experience.fr\/index.php?rest_route=\/wp\/v2\/types\/product"}],"replies":[{"embeddable":true,"href":"https:\/\/padel-experience.fr\/index.php?rest_route=%2Fwp%2Fv2%2Fcomments&post=1311"}],"wp:featuredmedia":[{"embeddable":true,"href":"https:\/\/padel-experience.fr\/index.php?rest_route=\/wp\/v2\/media\/1312"}],"wp:attachment":[{"href":"https:\/\/padel-experience.fr\/index.php?rest_route=%2Fwp%2Fv2%2Fmedia&parent=1311"}],"wp:term":[{"taxonomy":"product_brand","embeddable":true,"href":"https:\/\/padel-experience.fr\/index.php?rest_route=%2Fwp%2Fv2%2Fproduct_brand&post=1311"},{"taxonomy":"product_cat","embeddable":true,"href":"https:\/\/padel-experience.fr\/index.php?rest_route=%2Fwp%2Fv2%2Fproduct_cat&post=1311"},{"taxonomy":"product_tag","embeddable":true,"href":"https:\/\/padel-experience.fr\/index.php?rest_route=%2Fwp%2Fv2%2Fproduct_tag&post=1311"}],"curies":[{"name":"wp","href":"https:\/\/api.w.org\/{rel}","templated":true}]}}