{"id":1296,"date":"2025-01-10T16:09:21","date_gmt":"2025-01-10T15:09:21","guid":{"rendered":"https:\/\/padel-experience.fr\/?post_type=product&#038;p=1296"},"modified":"2025-04-11T18:42:42","modified_gmt":"2025-04-11T16:42:42","slug":"septembre","status":"publish","type":"product","link":"https:\/\/padel-experience.fr\/?product=septembre","title":{"rendered":"\ud83c\uddf2\ud83c\udde6 Marrakech Du 15 au 19 Septembre 2025"},"content":{"rendered":"<h3 class=\"\" data-start=\"319\" data-end=\"347\">\u2705 Inclus dans le stage :<\/h3>\n<ul data-start=\"348\" data-end=\"704\">\n<li class=\"\" data-start=\"348\" data-end=\"379\">\n<p class=\"\" data-start=\"350\" data-end=\"379\">Navette a\u00e9roport aller-retour<\/p>\n<\/li>\n<li class=\"\" data-start=\"380\" data-end=\"433\">\n<p class=\"\" data-start=\"382\" data-end=\"433\">\ud83d\udecf\ufe0f H\u00e9bergement 5 jours \/ 4 nuits en h\u00f4tel tout confort en chambre double (option chambre individuelle disponible lors de la r\u00e9servation)<\/p>\n<\/li>\n<li class=\"\" data-start=\"434\" data-end=\"506\">\n<p class=\"\" data-start=\"436\" data-end=\"506\">3 sessions de <strong data-start=\"450\" data-end=\"476\">1h30 de cours de padel<\/strong> encadr\u00e9s par un coach dipl\u00f4m\u00e9<\/p>\n<\/li>\n<li class=\"\" data-start=\"507\" data-end=\"550\">\n<p class=\"\" data-start=\"509\" data-end=\"550\">3 sessions de <strong data-start=\"523\" data-end=\"550\">1h30 de matchs<\/strong><\/p>\n<\/li>\n<li class=\"\" data-start=\"551\" data-end=\"623\">\n<p class=\"\" data-start=\"553\" data-end=\"623\">Activit\u00e9 exclusive : <strong data-start=\"574\" data-end=\"608\">soir\u00e9e dans le d\u00e9sert d\u2019Agafay<\/strong> (repas inclus)<\/p>\n<\/li>\n<li class=\"\" data-start=\"624\" data-end=\"645\">\n<p class=\"\" data-start=\"626\" data-end=\"645\">Petits-d\u00e9jeuners x4<\/p>\n<\/li>\n<li class=\"\" data-start=\"646\" data-end=\"662\">\n<p class=\"\" data-start=\"648\" data-end=\"662\">D\u00e9jeuners x4<\/p>\n<\/li>\n<li class=\"\" data-start=\"663\" data-end=\"704\">\n<p class=\"\" data-start=\"665\" data-end=\"704\">Accompagnement et ambiance conviviale !<\/p>\n<p class=\"\" data-start=\"706\" data-end=\"784\">\ud83c\udfab <em data-start=\"709\" data-end=\"784\">Vols non inclus \u2013 Nous pouvons vous aider \u00e0 r\u00e9server votre vol si besoin<\/em><\/p>\n<h3 class=\"\" data-start=\"150\" data-end=\"200\">\ud83d\uddd3\ufe0f <strong data-start=\"158\" data-end=\"200\">PROGRAMME D\u00c9TAILL\u00c9 \u2013 5 JOURS \/ 4 NUITS<\/strong><\/h3>\n<p class=\"\" data-start=\"202\" data-end=\"238\"><strong data-start=\"202\" data-end=\"236\">Jour 1 \u2013 Arriv\u00e9e &amp; mise en jeu<\/strong><\/p>\n<ul data-start=\"239\" data-end=\"469\">\n<li class=\"\" data-start=\"239\" data-end=\"285\">\n<p class=\"\" data-start=\"241\" data-end=\"285\">Accueil \u00e0 l\u2019a\u00e9roport + transfert \u00e0 l\u2019h\u00f4tel<\/p>\n<\/li>\n<li class=\"\" data-start=\"286\" data-end=\"316\">\n<p class=\"\" data-start=\"288\" data-end=\"316\">Installation &amp; temps libre<\/p>\n<\/li>\n<li class=\"\" data-start=\"317\" data-end=\"429\">\n<p class=\"\" data-start=\"319\" data-end=\"429\">Matchs de padel amicaux en d\u00e9but de soir\u00e9e pour prendre contact avec les terrains et les autres participants<\/p>\n<\/li>\n<li class=\"\" data-start=\"430\" data-end=\"469\">\n<p class=\"\" data-start=\"432\" data-end=\"469\">Soir\u00e9e libre (d\u00eener libre non inclus)<\/p>\n<\/li>\n<\/ul>\n<p class=\"\" data-start=\"471\" data-end=\"517\"><strong data-start=\"471\" data-end=\"515\">Jour 2 \u2013 Entra\u00eenement &amp; immersion locale<\/strong><\/p>\n<ul data-start=\"518\" data-end=\"893\">\n<li class=\"\" data-start=\"518\" data-end=\"562\">\n<p class=\"\" data-start=\"520\" data-end=\"562\">Petit-d\u00e9jeuner au <strong data-start=\"538\" data-end=\"560\">restaurant du club<\/strong><\/p>\n<\/li>\n<li class=\"\" data-start=\"563\" data-end=\"617\">\n<p class=\"\" data-start=\"565\" data-end=\"617\">S\u00e9ance de padel (1h30 de cours avec coach dipl\u00f4m\u00e9)<\/p>\n<\/li>\n<li class=\"\" data-start=\"618\" data-end=\"644\">\n<p class=\"\" data-start=\"620\" data-end=\"644\">Matchs de padel (1h30)<\/p>\n<\/li>\n<li class=\"\" data-start=\"645\" data-end=\"690\">\n<p class=\"\" data-start=\"647\" data-end=\"690\">D\u00e9jeuner inclus au <strong data-start=\"666\" data-end=\"688\">restaurant du club<\/strong><\/p>\n<\/li>\n<li class=\"\" data-start=\"691\" data-end=\"764\">\n<p class=\"\" data-start=\"693\" data-end=\"764\">Temps libre l\u2019apr\u00e8s-midi (repos, exploration ou d\u00e9tente \u00e0 la piscine)<\/p>\n<\/li>\n<li class=\"\" data-start=\"765\" data-end=\"866\">\n<p class=\"\" data-start=\"767\" data-end=\"866\">En fin de journ\u00e9e : <strong data-start=\"787\" data-end=\"824\">excursion dans le d\u00e9sert d\u2019Agafay<\/strong> avec d\u00eener inclus dans un cadre magique<\/p>\n<\/li>\n<li class=\"\" data-start=\"867\" data-end=\"893\">\n<p class=\"\" data-start=\"869\" data-end=\"893\">Retour et nuit \u00e0 l\u2019h\u00f4tel<\/p>\n<\/li>\n<\/ul>\n<p class=\"\" data-start=\"895\" data-end=\"933\"><strong data-start=\"895\" data-end=\"931\">Jour 3 \u2013 Technique &amp; comp\u00e9tition<\/strong><\/p>\n<ul data-start=\"934\" data-end=\"1121\">\n<li class=\"\" data-start=\"934\" data-end=\"978\">\n<p class=\"\" data-start=\"936\" data-end=\"978\">Petit-d\u00e9jeuner au <strong data-start=\"954\" data-end=\"976\">restaurant du club<\/strong><\/p>\n<\/li>\n<li class=\"\" data-start=\"979\" data-end=\"1014\">\n<p class=\"\" data-start=\"981\" data-end=\"1014\">S\u00e9ance de padel (1h30 de cours)<\/p>\n<\/li>\n<li class=\"\" data-start=\"1015\" data-end=\"1060\">\n<p class=\"\" data-start=\"1017\" data-end=\"1060\">D\u00e9jeuner inclus au <strong data-start=\"1036\" data-end=\"1058\">restaurant du club<\/strong><\/p>\n<\/li>\n<li class=\"\" data-start=\"1061\" data-end=\"1106\">\n<p class=\"\" data-start=\"1063\" data-end=\"1106\">Matchs de padel en d\u00e9but de soir\u00e9e (1h30)<\/p>\n<\/li>\n<li class=\"\" data-start=\"1107\" data-end=\"1121\">\n<p class=\"\" data-start=\"1109\" data-end=\"1121\">Soir\u00e9e libre<\/p>\n<\/li>\n<\/ul>\n<p class=\"\" data-start=\"1123\" data-end=\"1167\"><strong data-start=\"1123\" data-end=\"1165\">Jour 4 \u2013 Progression &amp; esprit d\u2019\u00e9quipe<\/strong><\/p>\n<ul data-start=\"1168\" data-end=\"1412\">\n<li class=\"\" data-start=\"1168\" data-end=\"1212\">\n<p class=\"\" data-start=\"1170\" data-end=\"1212\">Petit-d\u00e9jeuner au <strong data-start=\"1188\" data-end=\"1210\">restaurant du club<\/strong><\/p>\n<\/li>\n<li class=\"\" data-start=\"1213\" data-end=\"1248\">\n<p class=\"\" data-start=\"1215\" data-end=\"1248\">S\u00e9ance de padel (1h30 de cours)<\/p>\n<\/li>\n<li class=\"\" data-start=\"1249\" data-end=\"1294\">\n<p class=\"\" data-start=\"1251\" data-end=\"1294\">D\u00e9jeuner inclus au <strong data-start=\"1270\" data-end=\"1292\">restaurant du club<\/strong><\/p>\n<\/li>\n<li class=\"\" data-start=\"1295\" data-end=\"1337\">\n<p class=\"\" data-start=\"1297\" data-end=\"1337\">Apr\u00e8s-midi d\u00e9tente ou activit\u00e9s libres<\/p>\n<\/li>\n<li class=\"\" data-start=\"1338\" data-end=\"1376\">\n<p class=\"\" data-start=\"1340\" data-end=\"1376\">Matchs de padel en d\u00e9but de soir\u00e9e<\/p>\n<\/li>\n<li class=\"\" data-start=\"1377\" data-end=\"1412\">\n<p class=\"\" data-start=\"1379\" data-end=\"1412\">Derni\u00e8re soir\u00e9e libre \u00e0 Marrakech<\/p>\n<\/li>\n<\/ul>\n<p class=\"\" data-start=\"1414\" data-end=\"1435\"><strong data-start=\"1414\" data-end=\"1433\">Jour 5 \u2013 D\u00e9part<\/strong><\/p>\n<ul data-start=\"1436\" data-end=\"1537\">\n<li class=\"\" data-start=\"1436\" data-end=\"1480\">\n<p class=\"\" data-start=\"1438\" data-end=\"1480\">Petit-d\u00e9jeuner au <strong data-start=\"1456\" data-end=\"1478\">restaurant du club<\/strong><\/p>\n<\/li>\n<li class=\"\" data-start=\"1481\" data-end=\"1537\">\n<p class=\"\" data-start=\"1483\" data-end=\"1537\">Transfert retour vers l\u2019a\u00e9roport selon horaires de vol<\/p>\n<\/li>\n<\/ul>\n<\/li>\n<\/ul>\n<h3 class=\"\" data-start=\"1544\" data-end=\"1570\">\ud83d\udc65 <strong data-start=\"1551\" data-end=\"1570\">INFOS PRATIQUES<\/strong><\/h3>\n<ul data-start=\"1571\" data-end=\"1840\">\n<li class=\"\" data-start=\"1571\" data-end=\"1634\">\n<p class=\"\" data-start=\"1573\" data-end=\"1634\">Groupe limit\u00e9 \u00e0 <strong data-start=\"1589\" data-end=\"1604\">9 personnes<\/strong> pour un encadrement optimal<\/p>\n<\/li>\n<li class=\"\" data-start=\"1635\" data-end=\"1679\">\n<p class=\"\" data-start=\"1637\" data-end=\"1679\">Option <strong data-start=\"1644\" data-end=\"1668\">chambre individuelle<\/strong> possible<\/p>\n<\/li>\n<li class=\"\" data-start=\"1680\" data-end=\"1722\">\n<p class=\"\" data-start=\"1682\" data-end=\"1722\">Pr\u00e9voir une <strong data-start=\"1694\" data-end=\"1720\">tenue de sport adapt\u00e9e<\/strong><\/p>\n<\/li>\n<li class=\"\" data-start=\"1723\" data-end=\"1752\">\n<p class=\"\" data-start=\"1725\" data-end=\"1752\">Ouvert \u00e0 <strong data-start=\"1734\" data-end=\"1750\">tous niveaux<\/strong><\/p>\n<\/li>\n<li class=\"\" data-start=\"1753\" data-end=\"1840\">\n<p class=\"\" data-start=\"1755\" data-end=\"1840\">Certaines <strong data-start=\"1765\" data-end=\"1783\">soir\u00e9es libres<\/strong> pour permettre la d\u00e9couverte de Marrakech \u00e0 votre rythme<\/p>\n<\/li>\n<\/ul>\n","protected":false},"excerpt":{"rendered":"<h3 class=\"\" data-start=\"147\" data-end=\"192\">\ud83c\uddf2\ud83c\udde6 Un s\u00e9jour 100 % padel et d\u00e9tente sous le soleil de Marrakech. D\u00e9couvrez le programme de votre prochaine escapade Padel Exp\u00e9rience.<\/h3>\n<p class=\"\" data-start=\"193\" data-end=\"312\"><strong data-start=\"193\" data-end=\"225\">Date : du 15 au 19 Septembre 2025<\/strong><br data-start=\"225\" data-end=\"228\" \/><strong data-start=\"228\" data-end=\"260\">\u00c0 partir de 510 \u20ac (hors vol)<\/strong><br data-start=\"260\" data-end=\"263\" \/><strong>Dur\u00e9e : 5 jours \/ 4 nuits<\/strong><br data-start=\"288\" data-end=\"291\" \/><strong>Niveau : Tous niveaux<\/strong><\/p>\n","protected":false},"featured_media":1304,"comment_status":"open","ping_status":"closed","template":"","meta":{"_kadence_starter_templates_imported_post":true,"_kad_post_transparent":"default","_kad_post_title":"","_kad_post_layout":"default","_kad_post_sidebar_id":"","_kad_post_content_style":"default","_kad_post_vertical_padding":"default","_kad_post_feature":"","_kad_post_feature_position":"","_kad_post_header":false,"_kad_post_footer":false},"product_brand":[],"product_cat":[31],"product_tag":[],"class_list":{"0":"post-1296","1":"product","2":"type-product","3":"status-publish","4":"has-post-thumbnail","6":"product_cat-stages","8":"first","9":"instock","10":"virtual","11":"purchasable","12":"product-type-simple","13":"entry","14":"content-bg","15":"loop-entry"},"_links":{"self":[{"href":"https:\/\/padel-experience.fr\/index.php?rest_route=\/wp\/v2\/product\/1296","targetHints":{"allow":["GET"]}}],"collection":[{"href":"https:\/\/padel-experience.fr\/index.php?rest_route=\/wp\/v2\/product"}],"about":[{"href":"https:\/\/padel-experience.fr\/index.php?rest_route=\/wp\/v2\/types\/product"}],"replies":[{"embeddable":true,"href":"https:\/\/padel-experience.fr\/index.php?rest_route=%2Fwp%2Fv2%2Fcomments&post=1296"}],"wp:featuredmedia":[{"embeddable":true,"href":"https:\/\/padel-experience.fr\/index.php?rest_route=\/wp\/v2\/media\/1304"}],"wp:attachment":[{"href":"https:\/\/padel-experience.fr\/index.php?rest_route=%2Fwp%2Fv2%2Fmedia&parent=1296"}],"wp:term":[{"taxonomy":"product_brand","embeddable":true,"href":"https:\/\/padel-experience.fr\/index.php?rest_route=%2Fwp%2Fv2%2Fproduct_brand&post=1296"},{"taxonomy":"product_cat","embeddable":true,"href":"https:\/\/padel-experience.fr\/index.php?rest_route=%2Fwp%2Fv2%2Fproduct_cat&post=1296"},{"taxonomy":"product_tag","embeddable":true,"href":"https:\/\/padel-experience.fr\/index.php?rest_route=%2Fwp%2Fv2%2Fproduct_tag&post=1296"}],"curies":[{"name":"wp","href":"https:\/\/api.w.org\/{rel}","templated":true}]}}