{"id":1295,"date":"2025-01-13T16:08:43","date_gmt":"2025-01-13T15:08:43","guid":{"rendered":"https:\/\/padel-experience.fr\/?post_type=product&#038;p=1295"},"modified":"2025-04-11T20:06:41","modified_gmt":"2025-04-11T18:06:41","slug":"octobre","status":"publish","type":"product","link":"https:\/\/padel-experience.fr\/?product=octobre","title":{"rendered":"\ud83c\uddf2\ud83c\udde6 Marrakech Du 20 au 25 Octobre 2025"},"content":{"rendered":"<h3 class=\"\" data-start=\"319\" data-end=\"347\">\u2705 Inclus dans le stage :<\/h3>\n<ul data-start=\"348\" data-end=\"704\">\n<li class=\"\" data-start=\"348\" data-end=\"379\">\n<p class=\"\" data-start=\"350\" data-end=\"379\">Navette a\u00e9roport aller-retour<\/p>\n<\/li>\n<li class=\"\" data-start=\"380\" data-end=\"433\">\n<p class=\"\" data-start=\"382\" data-end=\"433\">\ud83d\udecf\ufe0f H\u00e9bergement 6 jours \/ 5 nuits en h\u00f4tel tout confort en chambre double (option chambre individuelle disponible lors de la r\u00e9servation)<\/p>\n<\/li>\n<li class=\"\" data-start=\"434\" data-end=\"506\">\n<p class=\"\" data-start=\"436\" data-end=\"506\">3 sessions de <strong data-start=\"450\" data-end=\"476\">1h30 de cours de padel<\/strong> encadr\u00e9s par un coach dipl\u00f4m\u00e9<\/p>\n<\/li>\n<li class=\"\" data-start=\"507\" data-end=\"550\">\n<p class=\"\" data-start=\"509\" data-end=\"550\">3 sessions de <strong data-start=\"523\" data-end=\"550\">1h30 de matchs<\/strong><\/p>\n<\/li>\n<li class=\"\" data-start=\"551\" data-end=\"623\">\n<p class=\"\" data-start=\"553\" data-end=\"623\">Activit\u00e9 exclusive : <strong data-start=\"574\" data-end=\"608\">soir\u00e9e dans le d\u00e9sert d\u2019Agafay<\/strong> (repas inclus)<\/p>\n<\/li>\n<li class=\"\" data-start=\"624\" data-end=\"645\">\n<p class=\"\" data-start=\"626\" data-end=\"645\">Petits-d\u00e9jeuners x4<\/p>\n<\/li>\n<li class=\"\" data-start=\"646\" data-end=\"662\">\n<p class=\"\" data-start=\"648\" data-end=\"662\">D\u00e9jeuners x4<\/p>\n<\/li>\n<li class=\"\" data-start=\"663\" data-end=\"704\">\n<p class=\"\" data-start=\"665\" data-end=\"704\">Accompagnement et ambiance conviviale !<\/p>\n<p class=\"\" data-start=\"706\" data-end=\"784\">\ud83c\udfab <em data-start=\"709\" data-end=\"784\">Vols non inclus \u2013 Nous pouvons vous aider \u00e0 r\u00e9server votre vol si besoin<\/em><\/p>\n<\/li>\n<\/ul>\n<h3 class=\"\" data-start=\"253\" data-end=\"303\">\ud83d\uddd3\ufe0f <strong data-start=\"261\" data-end=\"303\">PROGRAMME D\u00c9TAILL\u00c9 \u2013 6 JOURS \/ 5 NUITS<\/strong><\/h3>\n<p class=\"\" data-start=\"305\" data-end=\"341\"><strong data-start=\"305\" data-end=\"339\">Jour 1 \u2013 Arriv\u00e9e &amp; mise en jeu<\/strong><\/p>\n<ul data-start=\"342\" data-end=\"559\">\n<li class=\"\" data-start=\"342\" data-end=\"388\">\n<p class=\"\" data-start=\"344\" data-end=\"388\">Accueil \u00e0 l\u2019a\u00e9roport + transfert \u00e0 l\u2019h\u00f4tel<\/p>\n<\/li>\n<li class=\"\" data-start=\"389\" data-end=\"419\">\n<p class=\"\" data-start=\"391\" data-end=\"419\">Installation &amp; temps libre<\/p>\n<\/li>\n<li class=\"\" data-start=\"420\" data-end=\"519\">\n<p class=\"\" data-start=\"422\" data-end=\"519\">Matchs de padel amicaux en d\u00e9but de soir\u00e9e pour faire connaissance avec les autres participants<\/p>\n<\/li>\n<li class=\"\" data-start=\"520\" data-end=\"559\">\n<p class=\"\" data-start=\"522\" data-end=\"559\">Soir\u00e9e libre (d\u00eener libre non inclus)<\/p>\n<\/li>\n<\/ul>\n<p class=\"\" data-start=\"561\" data-end=\"594\"><strong data-start=\"561\" data-end=\"592\">Jour 2 \u2013 Lancement du stage<\/strong><\/p>\n<ul data-start=\"595\" data-end=\"861\">\n<li class=\"\" data-start=\"595\" data-end=\"639\">\n<p class=\"\" data-start=\"597\" data-end=\"639\">Petit-d\u00e9jeuner au <strong data-start=\"615\" data-end=\"637\">restaurant du club<\/strong><\/p>\n<\/li>\n<li class=\"\" data-start=\"640\" data-end=\"694\">\n<p class=\"\" data-start=\"642\" data-end=\"694\">S\u00e9ance de padel (1h30 de cours avec coach dipl\u00f4m\u00e9)<\/p>\n<\/li>\n<li class=\"\" data-start=\"695\" data-end=\"740\">\n<p class=\"\" data-start=\"697\" data-end=\"740\">D\u00e9jeuner inclus au <strong data-start=\"716\" data-end=\"738\">restaurant du club<\/strong><\/p>\n<\/li>\n<li class=\"\" data-start=\"741\" data-end=\"800\">\n<p class=\"\" data-start=\"743\" data-end=\"800\">Temps libre l\u2019apr\u00e8s-midi (repos, piscine ou d\u00e9couverte)<\/p>\n<\/li>\n<li class=\"\" data-start=\"801\" data-end=\"846\">\n<p class=\"\" data-start=\"803\" data-end=\"846\">Matchs de padel en d\u00e9but de soir\u00e9e (1h30)<\/p>\n<\/li>\n<li class=\"\" data-start=\"847\" data-end=\"861\">\n<p class=\"\" data-start=\"849\" data-end=\"861\">Soir\u00e9e libre<\/p>\n<\/li>\n<\/ul>\n<p class=\"\" data-start=\"863\" data-end=\"919\"><strong data-start=\"863\" data-end=\"917\">Jour 3 \u2013 Journ\u00e9e intense &amp; aventure dans le d\u00e9sert<\/strong><\/p>\n<ul data-start=\"920\" data-end=\"1223\">\n<li class=\"\" data-start=\"920\" data-end=\"964\">\n<p class=\"\" data-start=\"922\" data-end=\"964\">Petit-d\u00e9jeuner au <strong data-start=\"940\" data-end=\"962\">restaurant du club<\/strong><\/p>\n<\/li>\n<li class=\"\" data-start=\"965\" data-end=\"1000\">\n<p class=\"\" data-start=\"967\" data-end=\"1000\">S\u00e9ance de padel (1h30 de cours)<\/p>\n<\/li>\n<li class=\"\" data-start=\"1001\" data-end=\"1027\">\n<p class=\"\" data-start=\"1003\" data-end=\"1027\">Matchs de padel (1h30)<\/p>\n<\/li>\n<li class=\"\" data-start=\"1028\" data-end=\"1073\">\n<p class=\"\" data-start=\"1030\" data-end=\"1073\">D\u00e9jeuner inclus au <strong data-start=\"1049\" data-end=\"1071\">restaurant du club<\/strong><\/p>\n<\/li>\n<li class=\"\" data-start=\"1074\" data-end=\"1094\">\n<p class=\"\" data-start=\"1076\" data-end=\"1094\">Apr\u00e8s-midi libre<\/p>\n<\/li>\n<li class=\"\" data-start=\"1095\" data-end=\"1196\">\n<p class=\"\" data-start=\"1097\" data-end=\"1196\">En fin de journ\u00e9e : <strong data-start=\"1117\" data-end=\"1154\">excursion dans le d\u00e9sert d\u2019Agafay<\/strong> avec d\u00eener inclus dans un d\u00e9cor magique<\/p>\n<\/li>\n<li class=\"\" data-start=\"1197\" data-end=\"1223\">\n<p class=\"\" data-start=\"1199\" data-end=\"1223\">Retour et nuit \u00e0 l\u2019h\u00f4tel<\/p>\n<\/li>\n<\/ul>\n<p class=\"\" data-start=\"1225\" data-end=\"1265\"><strong data-start=\"1225\" data-end=\"1263\">Jour 4 \u2013 Comp\u00e9tition &amp; progression<\/strong><\/p>\n<ul data-start=\"1266\" data-end=\"1453\">\n<li class=\"\" data-start=\"1266\" data-end=\"1310\">\n<p class=\"\" data-start=\"1268\" data-end=\"1310\">Petit-d\u00e9jeuner au <strong data-start=\"1286\" data-end=\"1308\">restaurant du club<\/strong><\/p>\n<\/li>\n<li class=\"\" data-start=\"1311\" data-end=\"1346\">\n<p class=\"\" data-start=\"1313\" data-end=\"1346\">S\u00e9ance de padel (1h30 de cours)<\/p>\n<\/li>\n<li class=\"\" data-start=\"1347\" data-end=\"1392\">\n<p class=\"\" data-start=\"1349\" data-end=\"1392\">D\u00e9jeuner inclus au <strong data-start=\"1368\" data-end=\"1390\">restaurant du club<\/strong><\/p>\n<\/li>\n<li class=\"\" data-start=\"1393\" data-end=\"1438\">\n<p class=\"\" data-start=\"1395\" data-end=\"1438\">Matchs de padel en d\u00e9but de soir\u00e9e (1h30)<\/p>\n<\/li>\n<li class=\"\" data-start=\"1439\" data-end=\"1453\">\n<p class=\"\" data-start=\"1441\" data-end=\"1453\">Soir\u00e9e libre<\/p>\n<\/li>\n<\/ul>\n<p class=\"\" data-start=\"1455\" data-end=\"1502\"><strong data-start=\"1455\" data-end=\"1500\">Jour 5 \u2013 Derniers \u00e9changes sur le terrain<\/strong><\/p>\n<ul data-start=\"1503\" data-end=\"1704\">\n<li class=\"\" data-start=\"1503\" data-end=\"1547\">\n<p class=\"\" data-start=\"1505\" data-end=\"1547\">Petit-d\u00e9jeuner au <strong data-start=\"1523\" data-end=\"1545\">restaurant du club<\/strong><\/p>\n<\/li>\n<li class=\"\" data-start=\"1548\" data-end=\"1583\">\n<p class=\"\" data-start=\"1550\" data-end=\"1583\">S\u00e9ance de padel (1h30 de cours)<\/p>\n<\/li>\n<li class=\"\" data-start=\"1584\" data-end=\"1629\">\n<p class=\"\" data-start=\"1586\" data-end=\"1629\">D\u00e9jeuner inclus au <strong data-start=\"1605\" data-end=\"1627\">restaurant du club<\/strong><\/p>\n<\/li>\n<li class=\"\" data-start=\"1630\" data-end=\"1668\">\n<p class=\"\" data-start=\"1632\" data-end=\"1668\">Matchs de padel en d\u00e9but de soir\u00e9e<\/p>\n<\/li>\n<li class=\"\" data-start=\"1669\" data-end=\"1704\">\n<p class=\"\" data-start=\"1671\" data-end=\"1704\">Derni\u00e8re soir\u00e9e libre \u00e0 Marrakech<\/p>\n<\/li>\n<\/ul>\n<p class=\"\" data-start=\"1706\" data-end=\"1727\"><strong data-start=\"1706\" data-end=\"1725\">Jour 6 \u2013 D\u00e9part<\/strong><\/p>\n<ul data-start=\"1728\" data-end=\"1826\">\n<li class=\"\" data-start=\"1728\" data-end=\"1772\">\n<p class=\"\" data-start=\"1730\" data-end=\"1772\">Petit-d\u00e9jeuner au <strong data-start=\"1748\" data-end=\"1770\">restaurant du club<\/strong><\/p>\n<\/li>\n<li class=\"\" data-start=\"1773\" data-end=\"1826\">\n<p class=\"\" data-start=\"1775\" data-end=\"1826\">Transfert vers l\u2019a\u00e9roport selon les horaires de vol<\/p>\n<\/li>\n<\/ul>\n<h3 class=\"\" data-start=\"1544\" data-end=\"1570\">\ud83d\udc65 <strong data-start=\"1551\" data-end=\"1570\">INFOS PRATIQUES<\/strong><\/h3>\n<ul data-start=\"1571\" data-end=\"1840\">\n<li class=\"\" data-start=\"1571\" data-end=\"1634\">\n<p class=\"\" data-start=\"1573\" data-end=\"1634\">Groupe limit\u00e9 \u00e0 <strong data-start=\"1589\" data-end=\"1604\">9 personnes<\/strong> pour un encadrement optimal<\/p>\n<\/li>\n<li class=\"\" data-start=\"1635\" data-end=\"1679\">\n<p class=\"\" data-start=\"1637\" data-end=\"1679\">Option <strong data-start=\"1644\" data-end=\"1668\">chambre individuelle<\/strong> possible<\/p>\n<\/li>\n<li class=\"\" data-start=\"1680\" data-end=\"1722\">\n<p class=\"\" data-start=\"1682\" data-end=\"1722\">Pr\u00e9voir une <strong data-start=\"1694\" data-end=\"1720\">tenue de sport adapt\u00e9e<\/strong><\/p>\n<\/li>\n<li class=\"\" data-start=\"1723\" data-end=\"1752\">\n<p class=\"\" data-start=\"1725\" data-end=\"1752\">Ouvert \u00e0 <strong data-start=\"1734\" data-end=\"1750\">tous niveaux<\/strong><\/p>\n<\/li>\n<li class=\"\" data-start=\"1753\" data-end=\"1840\">\n<p class=\"\" data-start=\"1755\" data-end=\"1840\">Certaines <strong data-start=\"1765\" data-end=\"1783\">soir\u00e9es libres<\/strong> pour permettre la d\u00e9couverte de Marrakech \u00e0 votre rythme<\/p>\n<\/li>\n<\/ul>\n","protected":false},"excerpt":{"rendered":"<h3 class=\"\" data-start=\"147\" data-end=\"192\">\ud83c\uddf2\ud83c\udde6 Un s\u00e9jour 100 % padel et d\u00e9tente sous le soleil de Marrakech. D\u00e9couvrez le programme de votre prochaine escapade Padel Exp\u00e9rience.<\/h3>\n<p class=\"\" data-start=\"193\" data-end=\"312\"><strong data-start=\"193\" data-end=\"225\">Date : du 20 au 25 Octobre 2025<\/strong><br data-start=\"225\" data-end=\"228\" \/><strong data-start=\"228\" data-end=\"260\">\u00c0 partir de 640 \u20ac (hors vol)<\/strong><br data-start=\"260\" data-end=\"263\" \/><strong>Dur\u00e9e : 6 jours \/ 5 nuits<\/strong><\/p>\n","protected":false},"featured_media":1306,"comment_status":"open","ping_status":"closed","template":"","meta":{"_kadence_starter_templates_imported_post":true,"_kad_post_transparent":"default","_kad_post_title":"","_kad_post_layout":"default","_kad_post_sidebar_id":"","_kad_post_content_style":"default","_kad_post_vertical_padding":"default","_kad_post_feature":"","_kad_post_feature_position":"","_kad_post_header":false,"_kad_post_footer":false},"product_brand":[],"product_cat":[31],"product_tag":[],"class_list":{"0":"post-1295","1":"product","2":"type-product","3":"status-publish","4":"has-post-thumbnail","6":"product_cat-stages","8":"first","9":"instock","10":"virtual","11":"purchasable","12":"product-type-simple","13":"entry","14":"content-bg","15":"loop-entry"},"_links":{"self":[{"href":"https:\/\/padel-experience.fr\/index.php?rest_route=\/wp\/v2\/product\/1295","targetHints":{"allow":["GET"]}}],"collection":[{"href":"https:\/\/padel-experience.fr\/index.php?rest_route=\/wp\/v2\/product"}],"about":[{"href":"https:\/\/padel-experience.fr\/index.php?rest_route=\/wp\/v2\/types\/product"}],"replies":[{"embeddable":true,"href":"https:\/\/padel-experience.fr\/index.php?rest_route=%2Fwp%2Fv2%2Fcomments&post=1295"}],"wp:featuredmedia":[{"embeddable":true,"href":"https:\/\/padel-experience.fr\/index.php?rest_route=\/wp\/v2\/media\/1306"}],"wp:attachment":[{"href":"https:\/\/padel-experience.fr\/index.php?rest_route=%2Fwp%2Fv2%2Fmedia&parent=1295"}],"wp:term":[{"taxonomy":"product_brand","embeddable":true,"href":"https:\/\/padel-experience.fr\/index.php?rest_route=%2Fwp%2Fv2%2Fproduct_brand&post=1295"},{"taxonomy":"product_cat","embeddable":true,"href":"https:\/\/padel-experience.fr\/index.php?rest_route=%2Fwp%2Fv2%2Fproduct_cat&post=1295"},{"taxonomy":"product_tag","embeddable":true,"href":"https:\/\/padel-experience.fr\/index.php?rest_route=%2Fwp%2Fv2%2Fproduct_tag&post=1295"}],"curies":[{"name":"wp","href":"https:\/\/api.w.org\/{rel}","templated":true}]}}