{"id":39,"date":"2021-12-08T11:39:00","date_gmt":"2021-12-08T11:39:00","guid":{"rendered":"https:\/\/kadence.pixel-show.com\/outdoor-shop\/?page_id=14"},"modified":"2025-04-11T12:07:22","modified_gmt":"2025-04-11T10:07:22","slug":"contact","status":"publish","type":"page","link":"https:\/\/padel-experience.fr\/?page_id=39","title":{"rendered":"Contact"},"content":{"rendered":"<style>.kb-row-layout-id39_177150-d5 > .kt-row-column-wrap{align-content:start;}:where(.kb-row-layout-id39_177150-d5 > .kt-row-column-wrap) > .wp-block-kadence-column{justify-content:start;}.kb-row-layout-id39_177150-d5 > .kt-row-column-wrap{column-gap:var(--global-kb-gap-md, 2rem);row-gap:var(--global-kb-gap-md, 2rem);max-width:var( --global-content-width, 1290px );padding-left:var(--global-content-edge-padding);padding-right:var(--global-content-edge-padding);padding-top:139px;padding-bottom:80px;grid-template-columns:minmax(0, 1fr);}.kb-row-layout-id39_177150-d5 > .kt-row-layout-overlay{opacity:0.10;background-image:url('http:\/\/padel-experience.fr\/wp-content\/uploads\/2025\/04\/padel-marrakech.jpg');background-size:cover;background-position:center center;background-attachment:scroll;background-repeat:no-repeat;}@media all and (max-width: 1024px){.kb-row-layout-id39_177150-d5 > .kt-row-column-wrap{grid-template-columns:minmax(0, 1fr);}}@media all and (max-width: 767px){.kb-row-layout-id39_177150-d5 > .kt-row-column-wrap{grid-template-columns:minmax(0, 1fr);}}<\/style><div class=\"kb-row-layout-wrap kb-row-layout-id39_177150-d5 alignnone has-theme-palette8-background-color kt-row-has-bg wp-block-kadence-rowlayout\"><div class=\"kt-row-layout-overlay kt-row-overlay-normal\"><\/div><div class=\"kt-row-column-wrap kt-has-1-columns kt-row-layout-equal kt-tab-layout-inherit kt-mobile-layout-row kt-row-valign-top kb-theme-content-width\">\n<style>.kadence-column39_e67c61-db > .kt-inside-inner-col,.kadence-column39_e67c61-db > .kt-inside-inner-col:before{border-top-left-radius:0px;border-top-right-radius:0px;border-bottom-right-radius:0px;border-bottom-left-radius:0px;}.kadence-column39_e67c61-db > .kt-inside-inner-col{column-gap:var(--global-kb-gap-sm, 1rem);}.kadence-column39_e67c61-db > .kt-inside-inner-col{flex-direction:column;}.kadence-column39_e67c61-db > .kt-inside-inner-col > .aligncenter{width:100%;}.kadence-column39_e67c61-db > .kt-inside-inner-col:before{opacity:0.3;}.kadence-column39_e67c61-db{position:relative;}@media all and (max-width: 1024px){.kadence-column39_e67c61-db > .kt-inside-inner-col{flex-direction:column;justify-content:center;}}@media all and (max-width: 767px){.kadence-column39_e67c61-db > .kt-inside-inner-col{flex-direction:column;justify-content:center;}}<\/style>\n<div class=\"wp-block-kadence-column kadence-column39_e67c61-db inner-column-1\"><div class=\"kt-inside-inner-col\"><style>.wp-block-kadence-advancedheading.kt-adv-heading39_a6fec4-5f, .wp-block-kadence-advancedheading.kt-adv-heading39_a6fec4-5f[data-kb-block=\"kb-adv-heading39_a6fec4-5f\"]{text-align:center;line-height:1em;font-style:normal;}.wp-block-kadence-advancedheading.kt-adv-heading39_a6fec4-5f mark.kt-highlight, .wp-block-kadence-advancedheading.kt-adv-heading39_a6fec4-5f[data-kb-block=\"kb-adv-heading39_a6fec4-5f\"] mark.kt-highlight{font-style:normal;color:#f76a0c;-webkit-box-decoration-break:clone;box-decoration-break:clone;padding-top:0px;padding-right:0px;padding-bottom:0px;padding-left:0px;}.wp-block-kadence-advancedheading.kt-adv-heading39_a6fec4-5f img.kb-inline-image, .wp-block-kadence-advancedheading.kt-adv-heading39_a6fec4-5f[data-kb-block=\"kb-adv-heading39_a6fec4-5f\"] img.kb-inline-image{width:150px;vertical-align:baseline;}@media all and (max-width: 767px){.wp-block-kadence-advancedheading.kt-adv-heading39_a6fec4-5f, .wp-block-kadence-advancedheading.kt-adv-heading39_a6fec4-5f[data-kb-block=\"kb-adv-heading39_a6fec4-5f\"]{font-size:var(--global-kb-font-size-xl, 3rem);}}<\/style>\n<h2 class=\"kt-adv-heading39_a6fec4-5f wp-block-kadence-advancedheading\" data-kb-block=\"kb-adv-heading39_a6fec4-5f\">\ud83d\udcec Contactez-nous<\/h2>\n\n\n<style>.wp-block-kadence-advancedheading.kt-adv-heading39_c20cee-7d, .wp-block-kadence-advancedheading.kt-adv-heading39_c20cee-7d[data-kb-block=\"kb-adv-heading39_c20cee-7d\"]{text-align:center;font-style:normal;}.wp-block-kadence-advancedheading.kt-adv-heading39_c20cee-7d mark.kt-highlight, .wp-block-kadence-advancedheading.kt-adv-heading39_c20cee-7d[data-kb-block=\"kb-adv-heading39_c20cee-7d\"] mark.kt-highlight{font-style:normal;color:#f76a0c;-webkit-box-decoration-break:clone;box-decoration-break:clone;padding-top:0px;padding-right:0px;padding-bottom:0px;padding-left:0px;}.wp-block-kadence-advancedheading.kt-adv-heading39_c20cee-7d img.kb-inline-image, .wp-block-kadence-advancedheading.kt-adv-heading39_c20cee-7d[data-kb-block=\"kb-adv-heading39_c20cee-7d\"] img.kb-inline-image{width:150px;vertical-align:baseline;}<\/style>\n<p class=\"kt-adv-heading39_c20cee-7d wp-block-kadence-advancedheading has-theme-palette-5-color has-text-color\" data-kb-block=\"kb-adv-heading39_c20cee-7d\">Vous avez une question sur un stage, une demande particuli\u00e8re ou simplement envie d\u2019en savoir plus sur l\u2019exp\u00e9rience Padel ?<br>N&rsquo;h\u00e9sitez pas \u00e0 nous \u00e9crire ou \u00e0 nous envoyer un message directement via WhatsApp !<\/p>\n\n\n<style>.kb-row-layout-id39_543f5c-c4 > .kt-row-column-wrap{align-content:start;}:where(.kb-row-layout-id39_543f5c-c4 > .kt-row-column-wrap) > .wp-block-kadence-column{justify-content:start;}.kb-row-layout-id39_543f5c-c4 > .kt-row-column-wrap{column-gap:var(--global-kb-gap-md, 2rem);row-gap:var(--global-kb-gap-md, 2rem);padding-top:40px;padding-bottom:25px;grid-template-columns:minmax(0, calc(50% - ((var(--global-kb-gap-md, 2rem) * 1 )\/2)))minmax(0, calc(50% - ((var(--global-kb-gap-md, 2rem) * 1 )\/2)));}.kb-row-layout-id39_543f5c-c4 > .kt-row-layout-overlay{opacity:0.30;}@media all and (max-width: 1024px){.kb-row-layout-id39_543f5c-c4 > .kt-row-column-wrap{grid-template-columns:repeat(2, minmax(0, 1fr));}}@media all and (max-width: 767px){.kb-row-layout-id39_543f5c-c4 > .kt-row-column-wrap{grid-template-columns:minmax(0, 1fr);}}<\/style><div class=\"kb-row-layout-wrap kb-row-layout-id39_543f5c-c4 alignnone wp-block-kadence-rowlayout\"><div class=\"kt-row-column-wrap kt-has-2-columns kt-row-layout-equal kt-tab-layout-inherit kt-mobile-layout-row kt-row-valign-top\">\n<style>.kadence-column39_0cb97d-92 > .kt-inside-inner-col,.kadence-column39_0cb97d-92 > .kt-inside-inner-col:before{border-top-left-radius:0px;border-top-right-radius:0px;border-bottom-right-radius:0px;border-bottom-left-radius:0px;}.kadence-column39_0cb97d-92 > .kt-inside-inner-col{column-gap:var(--global-kb-gap-sm, 1rem);}.kadence-column39_0cb97d-92 > .kt-inside-inner-col{flex-direction:column;}.kadence-column39_0cb97d-92 > .kt-inside-inner-col > .aligncenter{width:100%;}.kadence-column39_0cb97d-92 > .kt-inside-inner-col:before{opacity:0.3;}.kadence-column39_0cb97d-92{position:relative;}@media all and (max-width: 1024px){.kadence-column39_0cb97d-92 > .kt-inside-inner-col{flex-direction:column;justify-content:center;}}@media all and (max-width: 767px){.kadence-column39_0cb97d-92 > .kt-inside-inner-col{flex-direction:column;justify-content:center;}}<\/style>\n<div class=\"wp-block-kadence-column kadence-column39_0cb97d-92 inner-column-1\"><div class=\"kt-inside-inner-col\"><style>.wp-block-kadence-column.kb-section-dir-horizontal > .kt-inside-inner-col > .kt-info-box39_afc2ed-94 .kt-blocks-info-box-link-wrap{max-width:unset;}.kt-info-box39_afc2ed-94 .kt-blocks-info-box-link-wrap{border-top-left-radius:0px;border-top-right-radius:0px;border-bottom-right-radius:0px;border-bottom-left-radius:0px;background:rgba(255, 255, 255, 0);}.kt-info-box39_afc2ed-94 .kt-blocks-info-box-link-wrap:hover{background:rgba(255, 255, 255, 0);}.kt-info-box39_afc2ed-94 .kadence-info-box-icon-container .kt-info-svg-icon, .kt-info-box39_afc2ed-94 .kt-info-svg-icon-flip, .kt-info-box39_afc2ed-94 .kt-blocks-info-box-number{font-size:40px;}.kt-info-box39_afc2ed-94 .kt-blocks-info-box-media{color:var(--global-palette9, #ffffff);background:var(--global-palette5, #4A5568);border-color:#eeeeee;border-radius:200px;overflow:hidden;border-top-width:0px;border-right-width:0px;border-bottom-width:0px;border-left-width:0px;padding-top:20px;padding-right:20px;padding-bottom:20px;padding-left:20px;margin-top:0px;margin-right:20px;margin-bottom:0px;margin-left:0px;}.kt-info-box39_afc2ed-94 .kt-blocks-info-box-media .kadence-info-box-image-intrisic img{border-radius:200px;}.kt-info-box39_afc2ed-94 .kt-blocks-info-box-link-wrap:hover .kt-blocks-info-box-media{color:var(--global-palette9, #ffffff);background:var(--global-palette5, #4A5568);border-color:#eeeeee;}.kt-info-box39_afc2ed-94 .kt-infobox-textcontent h3.kt-blocks-info-box-title{color:var(--global-palette3, #1A202C);padding-top:0px;padding-right:0px;padding-bottom:0px;padding-left:0px;margin-top:5px;margin-right:0px;margin-bottom:10px;margin-left:0px;}.kt-info-box39_afc2ed-94 .kt-infobox-textcontent .kt-blocks-info-box-text{color:var(--global-palette3, #1A202C);}.kt-info-box39_afc2ed-94 .kt-blocks-info-box-learnmore{background:transparent;border-color:#555555;border-width:0px 0px 0px 0px;padding-top:4px;padding-right:8px;padding-bottom:4px;padding-left:8px;margin-top:10px;margin-right:0px;margin-bottom:10px;margin-left:0px;}.kt-info-box39_afc2ed-94 .kt-blocks-info-box-link-wrap:hover .kt-blocks-info-box-learnmore,.kt-info-box39_afc2ed-94 .kt-blocks-info-box-link-wrap .kt-blocks-info-box-learnmore:focus{color:#ffffff;background:#444444;border-color:#444444;}<\/style>\n<div class=\"wp-block-kadence-infobox kt-info-box39_afc2ed-94\"><div class=\"kt-blocks-info-box-link-wrap kt-blocks-info-box-media-align-left kt-info-halign-left\"><div class=\"kt-blocks-info-box-media-container\"><div class=\"kt-blocks-info-box-media kt-info-media-animate-none\"><div class=\"kadence-info-box-icon-container kt-info-icon-animate-none\"><div class=\"kadence-info-box-icon-inner-container\"><span class=\"kb-svg-icon-wrap kb-svg-icon-fe_mail kt-info-svg-icon\"><svg viewBox=\"0 0 24 24\"  fill=\"none\" stroke=\"currentColor\" stroke-width=\"2\" stroke-linecap=\"round\" stroke-linejoin=\"round\" xmlns=\"http:\/\/www.w3.org\/2000\/svg\"  aria-hidden=\"true\"><path d=\"M4 4h16c1.1 0 2 .9 2 2v12c0 1.1-.9 2-2 2H4c-1.1 0-2-.9-2-2V6c0-1.1.9-2 2-2z\"\/><polyline points=\"22,6 12,13 2,6\"\/><\/svg><\/span><\/div><\/div><\/div><\/div><div class=\"kt-infobox-textcontent\"><h3 class=\"kt-blocks-info-box-title\">Email<\/h3><p class=\"kt-blocks-info-box-text\">contact@padel-experience.fr<\/p><\/div><\/div><\/div>\n<\/div><\/div>\n\n\n<style>.kadence-column39_9ed814-06 > .kt-inside-inner-col,.kadence-column39_9ed814-06 > .kt-inside-inner-col:before{border-top-left-radius:0px;border-top-right-radius:0px;border-bottom-right-radius:0px;border-bottom-left-radius:0px;}.kadence-column39_9ed814-06 > .kt-inside-inner-col{column-gap:var(--global-kb-gap-sm, 1rem);}.kadence-column39_9ed814-06 > .kt-inside-inner-col{flex-direction:column;}.kadence-column39_9ed814-06 > .kt-inside-inner-col > .aligncenter{width:100%;}.kadence-column39_9ed814-06 > .kt-inside-inner-col:before{opacity:0.3;}.kadence-column39_9ed814-06{position:relative;}@media all and (max-width: 1024px){.kadence-column39_9ed814-06 > .kt-inside-inner-col{flex-direction:column;justify-content:center;}}@media all and (max-width: 767px){.kadence-column39_9ed814-06 > .kt-inside-inner-col{flex-direction:column;justify-content:center;}}<\/style>\n<div class=\"wp-block-kadence-column kadence-column39_9ed814-06 inner-column-2\"><div class=\"kt-inside-inner-col\"><style>.wp-block-kadence-column.kb-section-dir-horizontal > .kt-inside-inner-col > .kt-info-box39_fb7177-74 .kt-blocks-info-box-link-wrap{max-width:unset;}.kt-info-box39_fb7177-74 .kt-blocks-info-box-link-wrap{border-top-left-radius:0px;border-top-right-radius:0px;border-bottom-right-radius:0px;border-bottom-left-radius:0px;background:rgba(255, 255, 255, 0);}.kt-info-box39_fb7177-74 .kt-blocks-info-box-link-wrap:hover{background:rgba(255, 255, 255, 0);}.kt-info-box39_fb7177-74 .kadence-info-box-icon-container .kt-info-svg-icon, .kt-info-box39_fb7177-74 .kt-info-svg-icon-flip, .kt-info-box39_fb7177-74 .kt-blocks-info-box-number{font-size:40px;}.kt-info-box39_fb7177-74 .kt-blocks-info-box-media{color:var(--global-palette9, #ffffff);background:var(--global-palette5, #4A5568);border-color:#eeeeee;border-radius:200px;overflow:hidden;border-top-width:0px;border-right-width:0px;border-bottom-width:0px;border-left-width:0px;padding-top:20px;padding-right:20px;padding-bottom:20px;padding-left:20px;margin-top:0px;margin-right:20px;margin-bottom:0px;margin-left:0px;}.kt-info-box39_fb7177-74 .kt-blocks-info-box-media .kadence-info-box-image-intrisic img{border-radius:200px;}.kt-info-box39_fb7177-74 .kt-blocks-info-box-link-wrap:hover .kt-blocks-info-box-media{color:var(--global-palette9, #ffffff);background:var(--global-palette5, #4A5568);border-color:#eeeeee;}.kt-info-box39_fb7177-74 .kt-infobox-textcontent h3.kt-blocks-info-box-title{color:var(--global-palette3, #1A202C);padding-top:0px;padding-right:0px;padding-bottom:0px;padding-left:0px;margin-top:5px;margin-right:0px;margin-bottom:10px;margin-left:0px;}.kt-info-box39_fb7177-74 .kt-infobox-textcontent .kt-blocks-info-box-text{color:var(--global-palette3, #1A202C);}.kt-info-box39_fb7177-74 .kt-blocks-info-box-learnmore{background:transparent;border-color:#555555;border-width:0px 0px 0px 0px;padding-top:4px;padding-right:8px;padding-bottom:4px;padding-left:8px;margin-top:10px;margin-right:0px;margin-bottom:10px;margin-left:0px;}.kt-info-box39_fb7177-74 .kt-blocks-info-box-link-wrap:hover .kt-blocks-info-box-learnmore,.kt-info-box39_fb7177-74 .kt-blocks-info-box-link-wrap .kt-blocks-info-box-learnmore:focus{color:#ffffff;background:#444444;border-color:#444444;}<\/style>\n<div class=\"wp-block-kadence-infobox kt-info-box39_fb7177-74\"><div class=\"kt-blocks-info-box-link-wrap kt-blocks-info-box-media-align-left kt-info-halign-left\"><div class=\"kt-blocks-info-box-media-container\"><div class=\"kt-blocks-info-box-media kt-info-media-animate-none\"><div class=\"kadence-info-box-icon-container kt-info-icon-animate-none\"><div class=\"kadence-info-box-icon-inner-container\"><span class=\"kb-svg-icon-wrap kb-svg-icon-fe_phone kt-info-svg-icon\"><svg viewBox=\"0 0 24 24\"  fill=\"none\" stroke=\"currentColor\" stroke-width=\"2\" stroke-linecap=\"round\" stroke-linejoin=\"round\" xmlns=\"http:\/\/www.w3.org\/2000\/svg\"  aria-hidden=\"true\"><path d=\"M22 16.92v3a2 2 0 0 1-2.18 2 19.79 19.79 0 0 1-8.63-3.07 19.5 19.5 0 0 1-6-6 19.79 19.79 0 0 1-3.07-8.67A2 2 0 0 1 4.11 2h3a2 2 0 0 1 2 1.72 12.84 12.84 0 0 0 .7 2.81 2 2 0 0 1-.45 2.11L8.09 9.91a16 16 0 0 0 6 6l1.27-1.27a2 2 0 0 1 2.11-.45 12.84 12.84 0 0 0 2.81.7A2 2 0 0 1 22 16.92z\"\/><\/svg><\/span><\/div><\/div><\/div><\/div><div class=\"kt-infobox-textcontent\"><h3 class=\"kt-blocks-info-box-title\">WhatsApp<\/h3><p class=\"kt-blocks-info-box-text\">+33 (0)750011673<\/p><\/div><\/div><\/div>\n<\/div><\/div>\n\n<\/div><\/div><\/div><\/div>\n\n<\/div><\/div>\n\n<style>.kb-row-layout-id39_2671b4-5b > .kt-row-column-wrap{align-content:start;}:where(.kb-row-layout-id39_2671b4-5b > .kt-row-column-wrap) > .wp-block-kadence-column{justify-content:start;}.kb-row-layout-id39_2671b4-5b > .kt-row-column-wrap{column-gap:var(--global-kb-gap-md, 2rem);row-gap:var(--global-kb-gap-md, 2rem);max-width:750px;margin-left:auto;margin-right:auto;padding-top:0px;padding-bottom:90px;grid-template-columns:minmax(0, 1fr);}.kb-row-layout-id39_2671b4-5b > .kt-row-layout-overlay{opacity:0.30;}@media all and (max-width: 1024px){.kb-row-layout-id39_2671b4-5b > .kt-row-column-wrap{grid-template-columns:minmax(0, 1fr);}}@media all and (max-width: 767px){.kb-row-layout-id39_2671b4-5b > .kt-row-column-wrap{grid-template-columns:minmax(0, 1fr);}}<\/style><div class=\"kb-row-layout-wrap kb-row-layout-id39_2671b4-5b alignnone has-theme-palette8-background-color kt-row-has-bg wp-block-kadence-rowlayout\"><div class=\"kt-row-column-wrap kt-has-1-columns kt-row-layout-equal kt-tab-layout-inherit kt-mobile-layout-row kt-row-valign-top\">\n<style>.kadence-column39_91e43a-8e > .kt-inside-inner-col,.kadence-column39_91e43a-8e > .kt-inside-inner-col:before{border-top-left-radius:0px;border-top-right-radius:0px;border-bottom-right-radius:0px;border-bottom-left-radius:0px;}.kadence-column39_91e43a-8e > .kt-inside-inner-col{column-gap:var(--global-kb-gap-sm, 1rem);}.kadence-column39_91e43a-8e > .kt-inside-inner-col{flex-direction:column;}.kadence-column39_91e43a-8e > .kt-inside-inner-col > .aligncenter{width:100%;}.kadence-column39_91e43a-8e > .kt-inside-inner-col:before{opacity:0.3;}.kadence-column39_91e43a-8e{position:relative;}@media all and (max-width: 1024px){.kadence-column39_91e43a-8e > .kt-inside-inner-col{flex-direction:column;justify-content:center;}}@media all and (max-width: 767px){.kadence-column39_91e43a-8e > .kt-inside-inner-col{flex-direction:column;justify-content:center;}}<\/style>\n<div class=\"wp-block-kadence-column kadence-column39_91e43a-8e inner-column-1\"><div class=\"kt-inside-inner-col\"><style>.kadence-form-39_e0f5e8-2d .kb-form .kadence-blocks-form-field{margin-bottom:30px;}.kadence-form-39_e0f5e8-2d .kb-form .kadence-blocks-form-field .kb-text-style-field, .kadence-form-39_e0f5e8-2d .kb-form .kadence-blocks-form-field .kb-select-style-field{color:var(--global-palette3, #1A202C);border-radius:5px;border-width:2px 2px 2px 2px;background:var(--global-palette9, #ffffff);border-color:var(--global-palette7, #EDF2F7);}.kb-form input.kadence-blocks-field.verify{opacity:0.0;position:absolute;top:0.0;left:0.0;width:0.0;height:0.0;z-index:-1;}<\/style>\n<div class=\"wp-block-kadence-form kadence-form-39_e0f5e8-2d kb-form-wrap\"><form class=\"kb-form\" action=\"\" method=\"post\"><div class=\"kadence-blocks-form-field kb-field-desk-width-100 kb-input-size-standard\"><input name=\"kb_field_0\" id=\"kb_field_39_e0f5e8-2d_0\" data-label=\"Name\" type=\"text\" placeholder=\"Votre Nom\" value=\"\" data-type=\"text\" class=\"kb-field kb-text-style-field kb-text-field kb-field-0\"\/><\/div><div class=\"kadence-blocks-form-field kb-form-field-1 kb-field-desk-width-100 kb-input-size-standard\"><input name=\"kb_field_1\" id=\"kb_field_39_e0f5e8-2d_1\" data-label=\"Email\" type=\"email\" placeholder=\"Votre Email\" value=\"\" data-type=\"email\" class=\"kb-field kb-text-style-field kb-email-field kb-field-1\" data-required=\"yes\"\/><\/div><div class=\"kadence-blocks-form-field kb-form-field-2 kb-field-desk-width-50 kb-field-mobile-width-100 kb-input-size-standard\"><input name=\"kb_field_2\" id=\"kb_field_39_e0f5e8-2d_2\" data-label=\"Phone Number\" type=\"text\" placeholder=\"T\u00e9l\u00e9phone\" value=\"\" data-type=\"text\" class=\"kb-field kb-text-style-field kb-text-field kb-field-2\"\/><\/div><div class=\"kadence-blocks-form-field kb-form-field-3 kb-field-desk-width-50 kb-field-mobile-width-100 kb-input-size-standard\"><input name=\"kb_field_3\" id=\"kb_field_39_e0f5e8-2d_3\" data-label=\"Subject\" type=\"text\" placeholder=\"Sujet\" value=\"\" data-type=\"text\" class=\"kb-field kb-text-style-field kb-text-field kb-field-3\"\/><\/div><div class=\"kadence-blocks-form-field kb-form-field-4 kb-field-desk-width-100 kb-input-size-standard\"><textarea name=\"kb_field_4\" id=\"kb_field_39_e0f5e8-2d_4\" data-label=\"Message\" type=\"textarea\" placeholder=\"Votre Message\" data-type=\"textarea\" class=\"kb-field kb-text-style-field kb-textarea-field kb-field-4\" rows=\"4\" data-required=\"yes\"><\/textarea><\/div><input type=\"hidden\" name=\"_kb_form_id\" value=\"39_e0f5e8-2d\"\/><input type=\"hidden\" name=\"_kb_form_post_id\" value=\"39\"\/><input type=\"hidden\" name=\"action\" value=\"kb_process_ajax_submit\"\/><label class=\"kadence-verify-label\">Email<input class=\"kadence-blocks-field verify\" type=\"text\" name=\"_kb_verify_email\" autocomplete=\"new-password\" aria-hidden=\"true\" placeholder=\"Email\" tabindex=\"-1\" data-1p-ignore=\"true\" data-lpignore=\"true\" \/><\/label><div class=\"kadence-blocks-form-field kb-submit-field kb-field-desk-width-100\"><button class=\"kb-forms-submit button kb-button-size-large kb-button-width-full\">Send a Message<\/button><\/div><\/form><\/div>\n<noscript><div class=\"kadence-blocks-form-message kadence-blocks-form-warning\">Veuillez activer JavaScript dans votre navigateur pour envoyer le formulaire.<\/div><style>.kadence-form-39_e0f5e8-2d .kadence-blocks-form-field.kb-submit-field { display: none; }<\/style><\/noscript><\/div><\/div>\n\n<\/div><\/div>","protected":false},"excerpt":{"rendered":"<p>\ud83d\udcec Contactez-nous Vous avez une question sur un stage, une demande particuli\u00e8re ou simplement envie d\u2019en savoir plus sur l\u2019exp\u00e9rience Padel ?N&rsquo;h\u00e9sitez pas \u00e0 nous \u00e9crire ou \u00e0 nous envoyer un message directement via WhatsApp !<\/p>\n","protected":false},"author":1,"featured_media":1181,"parent":0,"menu_order":0,"comment_status":"closed","ping_status":"closed","template":"","meta":{"_kadence_starter_templates_imported_post":true,"_kad_post_transparent":"","_kad_post_title":"hide","_kad_post_layout":"fullwidth","_kad_post_sidebar_id":"","_kad_post_content_style":"unboxed","_kad_post_vertical_padding":"hide","_kad_post_feature":"hide","_kad_post_feature_position":"","_kad_post_header":false,"_kad_post_footer":false,"footnotes":""},"class_list":["post-39","page","type-page","status-publish","has-post-thumbnail","hentry"],"_links":{"self":[{"href":"https:\/\/padel-experience.fr\/index.php?rest_route=\/wp\/v2\/pages\/39","targetHints":{"allow":["GET"]}}],"collection":[{"href":"https:\/\/padel-experience.fr\/index.php?rest_route=\/wp\/v2\/pages"}],"about":[{"href":"https:\/\/padel-experience.fr\/index.php?rest_route=\/wp\/v2\/types\/page"}],"author":[{"embeddable":true,"href":"https:\/\/padel-experience.fr\/index.php?rest_route=\/wp\/v2\/users\/1"}],"replies":[{"embeddable":true,"href":"https:\/\/padel-experience.fr\/index.php?rest_route=%2Fwp%2Fv2%2Fcomments&post=39"}],"version-history":[{"count":4,"href":"https:\/\/padel-experience.fr\/index.php?rest_route=\/wp\/v2\/pages\/39\/revisions"}],"predecessor-version":[{"id":1343,"href":"https:\/\/padel-experience.fr\/index.php?rest_route=\/wp\/v2\/pages\/39\/revisions\/1343"}],"wp:featuredmedia":[{"embeddable":true,"href":"https:\/\/padel-experience.fr\/index.php?rest_route=\/wp\/v2\/media\/1181"}],"wp:attachment":[{"href":"https:\/\/padel-experience.fr\/index.php?rest_route=%2Fwp%2Fv2%2Fmedia&parent=39"}],"curies":[{"name":"wp","href":"https:\/\/api.w.org\/{rel}","templated":true}]}}