{"id":1421,"date":"2025-04-14T23:30:30","date_gmt":"2025-04-14T21:30:30","guid":{"rendered":"https:\/\/padel-experience.fr\/?page_id=1421"},"modified":"2025-04-14T23:37:24","modified_gmt":"2025-04-14T21:37:24","slug":"mentions","status":"publish","type":"page","link":"https:\/\/padel-experience.fr\/?page_id=1421","title":{"rendered":"Mentions l\u00e9gales"},"content":{"rendered":"\n<p><\/p>\n\n\n\n<h2 class=\"wp-block-heading\">\ud83d\udcc4 Mentions l\u00e9gales<\/h2>\n\n\n\n<h3 class=\"wp-block-heading\">\u00c9diteur du site<\/h3>\n\n\n\n<p><strong>Nom de l\u2019association<\/strong> : Padel Exp\u00e9rience<br><strong>Statut<\/strong> : Association loi 1901<br><strong>Num\u00e9ro RNA<\/strong> : W332036042<br><strong>Si\u00e8ge social<\/strong> : 70 rue de Marly, 33700 M\u00e9rignac<br><strong>Responsable de la publication<\/strong> : Renaut Steve \u2013 Pr\u00e9sident de l\u2019association<br><strong>Contact<\/strong> : <a class=\"\">contact@padel-experience.fr<\/a> \/ via WhatsApp sur le site<\/p>\n\n\n\n<hr class=\"wp-block-separator has-alpha-channel-opacity\"\/>\n\n\n\n<h3 class=\"wp-block-heading\">H\u00e9bergeur du site<\/h3>\n\n\n\n<p><strong>OVH SAS<\/strong><br>2 rue Kellermann, 59100 Roubaix \u2013 France<br>T\u00e9l. : 1007 (depuis la France)<br>Site web : <a class=\"\" href=\"https:\/\/www.ovh.com\">www.ovh.com<\/a><\/p>\n\n\n\n<hr class=\"wp-block-separator has-alpha-channel-opacity\"\/>\n\n\n\n<h3 class=\"wp-block-heading\">Propri\u00e9t\u00e9 intellectuelle<\/h3>\n\n\n\n<p>Tous les contenus pr\u00e9sents sur le site padel-experience.fr (textes, images, logo, etc.) sont la propri\u00e9t\u00e9 exclusive de l&rsquo;association Padel Exp\u00e9rience, sauf mentions contraires. Toute reproduction ou repr\u00e9sentation, totale ou partielle, est interdite sans autorisation \u00e9crite pr\u00e9alable.<\/p>\n\n\n\n<hr class=\"wp-block-separator has-alpha-channel-opacity\"\/>\n\n\n\n<h3 class=\"wp-block-heading\">Responsabilit\u00e9<\/h3>\n\n\n\n<p>L\u2019association Padel Exp\u00e9rience s\u2019efforce de fournir sur le site padel-experience.fr des informations aussi pr\u00e9cises que possible. Toutefois, elle ne pourra \u00eatre tenue responsable des omissions, inexactitudes ou carences dans la mise \u00e0 jour des informations.<\/p>\n\n\n\n<hr class=\"wp-block-separator has-alpha-channel-opacity\"\/>\n\n\n\n<h3 class=\"wp-block-heading\">Donn\u00e9es personnelles<\/h3>\n\n\n\n<p><br>Les informations collect\u00e9es via les formulaires sont destin\u00e9es exclusivement \u00e0 l\u2019association Padel Exp\u00e9rience pour vous recontacter. Conform\u00e9ment \u00e0 la loi \u00ab\u00a0Informatique et Libert\u00e9s\u00a0\u00bb et au RGPD, vous disposez d\u2019un droit d\u2019acc\u00e8s, de rectification ou de suppression de vos donn\u00e9es. Pour exercer ce droit, contactez-nous par email \u00e0 : <a class=\"\">contact@padel-experience.fr<\/a><\/p>\n\n\n\n<hr class=\"wp-block-separator has-alpha-channel-opacity\"\/>\n\n\n\n<h3 class=\"wp-block-heading\">Cookies<\/h3>\n\n\n\n<p><br>Le site peut utiliser des cookies pour am\u00e9liorer l\u2019exp\u00e9rience utilisateur. Vous pouvez \u00e0 tout moment configurer votre navigateur pour refuser les cookies.<\/p>\n\n\n\n<p><\/p>\n","protected":false},"excerpt":{"rendered":"<p>\ud83d\udcc4 Mentions l\u00e9gales \u00c9diteur du site Nom de l\u2019association : Padel Exp\u00e9rienceStatut : Association loi 1901Num\u00e9ro RNA : W332036042Si\u00e8ge social : 70 rue de Marly, 33700 M\u00e9rignacResponsable de la publication : Renaut Steve \u2013 Pr\u00e9sident de l\u2019associationContact : contact@padel-experience.fr \/ via WhatsApp sur le site H\u00e9bergeur du site OVH SAS2 rue Kellermann, 59100 Roubaix \u2013&#8230;<\/p>\n","protected":false},"author":1,"featured_media":0,"parent":0,"menu_order":0,"comment_status":"closed","ping_status":"closed","template":"","meta":{"_kadence_starter_templates_imported_post":true,"_kad_post_transparent":"","_kad_post_title":"","_kad_post_layout":"","_kad_post_sidebar_id":"","_kad_post_content_style":"","_kad_post_vertical_padding":"","_kad_post_feature":"","_kad_post_feature_position":"","_kad_post_header":false,"_kad_post_footer":false,"footnotes":""},"class_list":["post-1421","page","type-page","status-publish","hentry"],"_links":{"self":[{"href":"https:\/\/padel-experience.fr\/index.php?rest_route=\/wp\/v2\/pages\/1421","targetHints":{"allow":["GET"]}}],"collection":[{"href":"https:\/\/padel-experience.fr\/index.php?rest_route=\/wp\/v2\/pages"}],"about":[{"href":"https:\/\/padel-experience.fr\/index.php?rest_route=\/wp\/v2\/types\/page"}],"author":[{"embeddable":true,"href":"https:\/\/padel-experience.fr\/index.php?rest_route=\/wp\/v2\/users\/1"}],"replies":[{"embeddable":true,"href":"https:\/\/padel-experience.fr\/index.php?rest_route=%2Fwp%2Fv2%2Fcomments&post=1421"}],"version-history":[{"count":2,"href":"https:\/\/padel-experience.fr\/index.php?rest_route=\/wp\/v2\/pages\/1421\/revisions"}],"predecessor-version":[{"id":1424,"href":"https:\/\/padel-experience.fr\/index.php?rest_route=\/wp\/v2\/pages\/1421\/revisions\/1424"}],"wp:attachment":[{"href":"https:\/\/padel-experience.fr\/index.php?rest_route=%2Fwp%2Fv2%2Fmedia&parent=1421"}],"curies":[{"name":"wp","href":"https:\/\/api.w.org\/{rel}","templated":true}]}}